{"id":639,"date":"2024-05-30T08:51:23","date_gmt":"2024-05-30T08:51:23","guid":{"rendered":"https:\/\/hotelideja.net\/?page_id=639"},"modified":"2024-06-21T09:44:04","modified_gmt":"2024-06-21T09:44:04","slug":"kucni-red","status":"publish","type":"page","link":"https:\/\/hotelideja.net\/de\/kucni-red\/","title":{"rendered":"Hausregeln"},"content":{"rendered":"<div data-elementor-type=\"wp-page\" data-elementor-id=\"639\" class=\"elementor elementor-639\" data-elementor-post-type=\"page\">\n\t\t\t\t<div class=\"elementor-element elementor-element-a039b96 e-con-full e-flex e-con e-parent\" data-id=\"a039b96\" data-element_type=\"container\" data-settings=\"{&quot;background_background&quot;:&quot;classic&quot;}\">\n\t\t<div class=\"elementor-element elementor-element-b4a18a8 e-flex e-con-boxed e-con e-child\" data-id=\"b4a18a8\" data-element_type=\"container\">\n\t\t\t\t\t<div class=\"e-con-inner\">\n\t\t\t\t<div class=\"elementor-element elementor-element-dcf42d9 animated-slow elementor-invisible elementor-widget elementor-widget-text-editor\" data-id=\"dcf42d9\" data-element_type=\"widget\" data-settings=\"{&quot;_animation&quot;:&quot;fadeInUp&quot;}\" data-widget_type=\"text-editor.default\">\n\t\t\t\t<div class=\"elementor-widget-container\">\n\t\t\t<style>\/*! elementor - v3.22.0 - 26-06-2024 *\/\n.elementor-widget-text-editor.elementor-drop-cap-view-stacked .elementor-drop-cap{background-color:#69727d;color:#fff}.elementor-widget-text-editor.elementor-drop-cap-view-framed .elementor-drop-cap{color:#69727d;border:3px solid;background-color:transparent}.elementor-widget-text-editor:not(.elementor-drop-cap-view-default) .elementor-drop-cap{margin-top:8px}.elementor-widget-text-editor:not(.elementor-drop-cap-view-default) .elementor-drop-cap-letter{width:1em;height:1em}.elementor-widget-text-editor .elementor-drop-cap{float:left;text-align:center;line-height:1;font-size:50px}.elementor-widget-text-editor .elementor-drop-cap-letter{display:inline-block}<\/style>\t\t\t\t<h1>Hausregeln<\/h1>\t\t\t\t\t\t<\/div>\n\t\t\t\t<\/div>\n\t\t\t\t\t<\/div>\n\t\t\t\t<\/div>\n\t\t\t\t<\/div>\n\t\t<div class=\"elementor-element elementor-element-7ae3d22 e-flex e-con-boxed e-con e-parent\" data-id=\"7ae3d22\" data-element_type=\"container\">\n\t\t\t\t\t<div class=\"e-con-inner\">\n\t\t\t\t<div class=\"elementor-element elementor-element-e5fd759 elementor-widget elementor-widget-text-editor\" data-id=\"e5fd759\" data-element_type=\"widget\" data-widget_type=\"text-editor.default\">\n\t\t\t\t<div class=\"elementor-widget-container\">\n\t\t\t\t\t\t\t<p><span style=\"font-weight: 400;\">Liebe G\u00e4ste,<\/span><\/p>\n<p><span style=\"font-weight: 400;\">Wir hei\u00dfen Sie herzlich willkommen in unserem Hotel Ideja und m\u00f6chten Ihnen unsere Hausordnung kurz vorstellen.<\/span><\/p>\n<ul>\n<li style=\"font-weight: 400;\" aria-level=\"1\"><span style=\"font-weight: 400;\">Jeder Gast ist verpflichtet, seinen Aufenthalt an der Hotelrezeption mit einem Personalausweis oder Reisepass anzumelden. Die Unterlagen werden ihm nach Eintragung ins G\u00e4stebuch zur\u00fcckgegeben.<\/span><\/li>\n<li style=\"font-weight: 400;\" aria-level=\"1\"><span style=\"font-weight: 400;\">Achten Sie w\u00e4hrend Ihres Aufenthaltes im Hotel auf unsere Umwelt und achten Sie auf einen sparsamen Verbrauch von Wasser und Strom.<\/span><\/li>\n<li style=\"font-weight: 400;\" aria-level=\"1\"><span style=\"font-weight: 400;\">Die aktuelle Spannung betr\u00e4gt 220 V.<\/span><\/li>\n<li style=\"font-weight: 400;\" aria-level=\"1\"><span style=\"font-weight: 400;\">Besuche oder Gesch\u00e4ftstreffen k\u00f6nnen in den Gemeinschaftsr\u00e4umen des Hotels, in der Bar, im Restaurant, in der Lobby und nicht im Zimmer abgehalten werden.<\/span><\/li>\n<li style=\"font-weight: 400;\" aria-level=\"1\"><span style=\"font-weight: 400;\">Offenes Feuer, Rauchen, Anz\u00fcnden von Kerzen etc. ist in den Zimmern und Fluren des Hotels nicht gestattet.&nbsp;<\/span><\/li>\n<li style=\"font-weight: 400;\" aria-level=\"1\"><span style=\"font-weight: 400;\">Bitte gehen Sie als guter Gastgeber sorgf\u00e4ltig mit den Ihnen zur Verf\u00fcgung gestellten R\u00e4umen, Ger\u00e4ten, Ger\u00e4ten und Inventar um.<\/span><\/li>\n<li style=\"font-weight: 400;\" aria-level=\"1\"><span style=\"font-weight: 400;\">Bitte melden Sie St\u00f6rungen oder Servicebeanstandungen umgehend an der Rezeption.<\/span><\/li>\n<li style=\"font-weight: 400;\" aria-level=\"1\"><span style=\"font-weight: 400;\">Bitte beachten Sie, dass Sie f\u00fcr Sch\u00e4den, die durch Ihr Verschulden oder das Verschulden der Person, f\u00fcr die Sie verantwortlich sind, verursacht wurden, haften und zum Ersatz verpflichtet sind.<\/span><\/li>\n<li style=\"font-weight: 400;\" aria-level=\"1\"><span style=\"font-weight: 400;\">Wertsachen und Geld k\u00f6nnen im Safe an der Rezeption aufbewahrt werden.<\/span><\/li>\n<li style=\"font-weight: 400;\" aria-level=\"1\"><span style=\"font-weight: 400;\">Fr\u00fchst\u00fcck ist serviert: <\/span><span style=\"font-weight: 400;\">werktags von 07:30 bis 09:30 Uhr; <\/span><span style=\"font-weight: 400;\">am Wochenende von 8:00 bis 10:00 Uhr<\/span><\/li>\n<li style=\"font-weight: 400;\" aria-level=\"1\"><span style=\"font-weight: 400;\">Bitte teilen Sie der Rezeption Ihren Wunsch f\u00fcr ein Lunchpaket und eventuelle Essens\u00e4nderungen am Vortag bis 21:00 Uhr mit.<\/span><\/li>\n<li style=\"font-weight: 400;\" aria-level=\"1\"><span style=\"font-weight: 400;\">Bitte nehmen Sie R\u00fccksicht auf andere G\u00e4ste, die sich ausruhen m\u00f6chten und vermeiden Sie L\u00e4rm im Zimmer und auf den Fluren nach 23:00 Uhr.<\/span><\/li>\n<li style=\"font-weight: 400;\" aria-level=\"1\"><span style=\"font-weight: 400;\">Haustiere sind nicht erlaubt.<\/span><\/li>\n<li style=\"font-weight: 400;\" aria-level=\"1\"><span style=\"font-weight: 400;\">Aus Sicherheits- und Hygienegr\u00fcnden ist es nicht gestattet, warme Mahlzeiten oder Getr\u00e4nke im Zimmer zuzubereiten.<\/span><\/li>\n<li style=\"font-weight: 400;\" aria-level=\"1\"><span style=\"font-weight: 400;\">Bitte lesen und befolgen Sie die Anweisungen auf den Brandhinweisen in den Fluren.<\/span><\/li>\n<li style=\"font-weight: 400;\" aria-level=\"1\"><span style=\"font-weight: 400;\">Sollten Sie Gegenst\u00e4nde finden oder verlieren, melden Sie diese bitte an der Rezeption.<\/span><\/li>\n<li style=\"font-weight: 400;\" aria-level=\"1\"><span style=\"font-weight: 400;\">Das Zimmer muss bis 12:00 Uhr ger\u00e4umt sein. Wenn Sie Ihren Aufenthalt verl\u00e4ngern m\u00f6chten, informieren Sie bitte rechtzeitig die Rezeption.<\/span><\/li>\n<li style=\"font-weight: 400;\" aria-level=\"1\"><span style=\"font-weight: 400;\">Bitte gehen Sie sorgf\u00e4ltig mit der Schl\u00fcsselkarte um.<\/span><\/li>\n<li style=\"font-weight: 400;\" aria-level=\"1\"><span style=\"font-weight: 400;\">Vergessen Sie beim Verlassen des Hotels nicht, den Schl\u00fcssel bzw. die Schl\u00fcsselkarte an der Rezeption abzugeben.<\/span><\/li>\n<li style=\"font-weight: 400;\" aria-level=\"1\"><span style=\"font-weight: 400;\">Wir behalten uns das Recht vor, den Vertrag zu k\u00fcndigen und die Leistungen gegen\u00fcber G\u00e4sten einzustellen, wenn diese grob gegen die Bestimmungen dieser Hausordnung versto\u00dfen und durch ihr Verhalten Sch\u00e4den verursachen oder andere G\u00e4ste im Hotel st\u00f6ren.<\/span><\/li>\n<li style=\"font-weight: 400;\" aria-level=\"1\"><span style=\"font-weight: 400;\">W\u00e4hrend Ihres Aufenthaltes im Hotel steht Ihnen die Rezeption f\u00fcr alle Informationen und Hilfestellungen zur Verf\u00fcgung.<\/span><\/li>\n<\/ul>\n<p><span style=\"font-weight: 400;\">Wir w\u00fcnschen Ihnen einen angenehmen Aufenthalt in unserem Hotel.<\/span><\/p>\t\t\t\t\t\t<\/div>\n\t\t\t\t<\/div>\n\t\t\t\t\t<\/div>\n\t\t\t\t<\/div>\n\t\t\t\t<\/div>","protected":false},"excerpt":{"rendered":"<p>Ku\u0107ni red Dragi gosti, \u017delimo Vam srda\u010dnu dobrodo\u0161licu u na\u0161 hotel Ideja, te Vas \u017eelimo kratko upoznati sa na\u0161im ku\u0107nim redom. Svaki gost du\u017ean je li\u010dnom kartom ili paso\u0161em prijaviti svoj boravak na recepciji hotela. Dokumenti \u0107e mu biti vra\u0107eni nakon upisa u Knjigu gostiju. Tokom Va\u0161eg boravka u hotelu \u010duvajte na\u0161u okolinu i obratite [&hellip;]<\/p>","protected":false},"author":1,"featured_media":0,"parent":0,"menu_order":0,"comment_status":"closed","ping_status":"closed","template":"elementor_header_footer","meta":{"footnotes":""},"class_list":["post-639","page","type-page","status-publish","hentry"],"_links":{"self":[{"href":"https:\/\/hotelideja.net\/de\/wp-json\/wp\/v2\/pages\/639","targetHints":{"allow":["GET"]}}],"collection":[{"href":"https:\/\/hotelideja.net\/de\/wp-json\/wp\/v2\/pages"}],"about":[{"href":"https:\/\/hotelideja.net\/de\/wp-json\/wp\/v2\/types\/page"}],"author":[{"embeddable":true,"href":"https:\/\/hotelideja.net\/de\/wp-json\/wp\/v2\/users\/1"}],"replies":[{"embeddable":true,"href":"https:\/\/hotelideja.net\/de\/wp-json\/wp\/v2\/comments?post=639"}],"version-history":[{"count":0,"href":"https:\/\/hotelideja.net\/de\/wp-json\/wp\/v2\/pages\/639\/revisions"}],"wp:attachment":[{"href":"https:\/\/hotelideja.net\/de\/wp-json\/wp\/v2\/media?parent=639"}],"curies":[{"name":"wp","href":"https:\/\/api.w.org\/{rel}","templated":true}]}}