{"id":639,"date":"2024-05-30T08:51:23","date_gmt":"2024-05-30T08:51:23","guid":{"rendered":"https:\/\/hotelideja.net\/?page_id=639"},"modified":"2024-06-21T09:44:04","modified_gmt":"2024-06-21T09:44:04","slug":"kucni-red","status":"publish","type":"page","link":"https:\/\/hotelideja.net\/en\/kucni-red\/","title":{"rendered":"House Rules"},"content":{"rendered":"<div data-elementor-type=\"wp-page\" data-elementor-id=\"639\" class=\"elementor elementor-639\" data-elementor-post-type=\"page\">\n\t\t\t\t<div class=\"elementor-element elementor-element-a039b96 e-con-full e-flex e-con e-parent\" data-id=\"a039b96\" data-element_type=\"container\" data-settings=\"{&quot;background_background&quot;:&quot;classic&quot;}\">\n\t\t<div class=\"elementor-element elementor-element-b4a18a8 e-flex e-con-boxed e-con e-child\" data-id=\"b4a18a8\" data-element_type=\"container\">\n\t\t\t\t\t<div class=\"e-con-inner\">\n\t\t\t\t<div class=\"elementor-element elementor-element-dcf42d9 animated-slow elementor-invisible elementor-widget elementor-widget-text-editor\" data-id=\"dcf42d9\" data-element_type=\"widget\" data-settings=\"{&quot;_animation&quot;:&quot;fadeInUp&quot;}\" data-widget_type=\"text-editor.default\">\n\t\t\t\t<div class=\"elementor-widget-container\">\n\t\t\t<style>\/*! elementor - v3.22.0 - 26-06-2024 *\/\n.elementor-widget-text-editor.elementor-drop-cap-view-stacked .elementor-drop-cap{background-color:#69727d;color:#fff}.elementor-widget-text-editor.elementor-drop-cap-view-framed .elementor-drop-cap{color:#69727d;border:3px solid;background-color:transparent}.elementor-widget-text-editor:not(.elementor-drop-cap-view-default) .elementor-drop-cap{margin-top:8px}.elementor-widget-text-editor:not(.elementor-drop-cap-view-default) .elementor-drop-cap-letter{width:1em;height:1em}.elementor-widget-text-editor .elementor-drop-cap{float:left;text-align:center;line-height:1;font-size:50px}.elementor-widget-text-editor .elementor-drop-cap-letter{display:inline-block}<\/style>\t\t\t\t<h1>House Rules<\/h1>\t\t\t\t\t\t<\/div>\n\t\t\t\t<\/div>\n\t\t\t\t\t<\/div>\n\t\t\t\t<\/div>\n\t\t\t\t<\/div>\n\t\t<div class=\"elementor-element elementor-element-7ae3d22 e-flex e-con-boxed e-con e-parent\" data-id=\"7ae3d22\" data-element_type=\"container\">\n\t\t\t\t\t<div class=\"e-con-inner\">\n\t\t\t\t<div class=\"elementor-element elementor-element-e5fd759 elementor-widget elementor-widget-text-editor\" data-id=\"e5fd759\" data-element_type=\"widget\" data-widget_type=\"text-editor.default\">\n\t\t\t\t<div class=\"elementor-widget-container\">\n\t\t\t\t\t\t\t<p><span style=\"font-weight: 400;\">Dear guests,<\/span><\/p>\n<p><span style=\"font-weight: 400;\">We wish you a warm welcome to our hotel Ideja, and we would like to briefly introduce you to our house rules.<\/span><\/p>\n<ul>\n<li style=\"font-weight: 400;\" aria-level=\"1\"><span style=\"font-weight: 400;\">Every guest is obliged to register their stay at the hotel reception with an identity card or passport. The documents will be returned to him after being entered in the Guest Book.<\/span><\/li>\n<li style=\"font-weight: 400;\" aria-level=\"1\"><span style=\"font-weight: 400;\">During your stay in the hotel, take care of our environment and pay attention to the rational consumption of water and electricity.<\/span><\/li>\n<li style=\"font-weight: 400;\" aria-level=\"1\"><span style=\"font-weight: 400;\">The current voltage is 220 V.<\/span><\/li>\n<li style=\"font-weight: 400;\" aria-level=\"1\"><span style=\"font-weight: 400;\">Visits or business meetings can be held in the common rooms of the hotel, in the bar, in the restaurant, in the lobby, and not in the room.<\/span><\/li>\n<li style=\"font-weight: 400;\" aria-level=\"1\"><span style=\"font-weight: 400;\">Open flames, smoking, lighting candles, etc. are not allowed in the rooms or corridors of the hotel.&nbsp;<\/span><\/li>\n<li style=\"font-weight: 400;\" aria-level=\"1\"><span style=\"font-weight: 400;\">Please use the rooms, devices, equipment and inventory made available to you carefully as a good host.<\/span><\/li>\n<li style=\"font-weight: 400;\" aria-level=\"1\"><span style=\"font-weight: 400;\">Please report malfunctions or service complaints immediately to the reception.<\/span><\/li>\n<li style=\"font-weight: 400;\" aria-level=\"1\"><span style=\"font-weight: 400;\">Please note that you are responsible for damage caused by your fault or the fault of the person for whom you are responsible, and you are obliged to compensate it.<\/span><\/li>\n<li style=\"font-weight: 400;\" aria-level=\"1\"><span style=\"font-weight: 400;\">Valuables and money can be kept in the safe at the reception.<\/span><\/li>\n<li style=\"font-weight: 400;\" aria-level=\"1\"><span style=\"font-weight: 400;\">Breakfast is served: <\/span><span style=\"font-weight: 400;\">on weekdays from 07:30 to 09:30; <\/span><span style=\"font-weight: 400;\">on weekends from 8:00 a.m. to 10:00 a.m<\/span><\/li>\n<li style=\"font-weight: 400;\" aria-level=\"1\"><span style=\"font-weight: 400;\">Please let the reception know your wish for a lunch package and possible meal changes the day before by 9:00 p.m.<\/span><\/li>\n<li style=\"font-weight: 400;\" aria-level=\"1\"><span style=\"font-weight: 400;\">Please take care of other guests who want to rest and avoid noise in the room and in the corridors after 23:00.<\/span><\/li>\n<li style=\"font-weight: 400;\" aria-level=\"1\"><span style=\"font-weight: 400;\">Pets are not allowed.<\/span><\/li>\n<li style=\"font-weight: 400;\" aria-level=\"1\"><span style=\"font-weight: 400;\">Due to safety and hygiene reasons, it is not allowed to prepare hot meals or drinks in the room.<\/span><\/li>\n<li style=\"font-weight: 400;\" aria-level=\"1\"><span style=\"font-weight: 400;\">Please read and follow the instructions on the fire notices posted in the corridors.<\/span><\/li>\n<li style=\"font-weight: 400;\" aria-level=\"1\"><span style=\"font-weight: 400;\">If you find or lose things, please report them at the reception.<\/span><\/li>\n<li style=\"font-weight: 400;\" aria-level=\"1\"><span style=\"font-weight: 400;\">The room must be vacated by 12:00. If you wish to extend your stay, please notify the reception in good time.<\/span><\/li>\n<li style=\"font-weight: 400;\" aria-level=\"1\"><span style=\"font-weight: 400;\">Please handle the key card carefully.<\/span><\/li>\n<li style=\"font-weight: 400;\" aria-level=\"1\"><span style=\"font-weight: 400;\">When leaving the hotel, do not forget to hand over the key or key-card at the reception.<\/span><\/li>\n<li style=\"font-weight: 400;\" aria-level=\"1\"><span style=\"font-weight: 400;\">We reserve the right to terminate the contract and stop providing services to guests, if they grossly violate the provisions of these house rules and if their behavior causes damage or disturbs other guests in the hotel.<\/span><\/li>\n<li style=\"font-weight: 400;\" aria-level=\"1\"><span style=\"font-weight: 400;\">During your stay at the hotel, the reception is at your disposal for all the information and assistance you need.<\/span><\/li>\n<\/ul>\n<p><span style=\"font-weight: 400;\">We wish you a pleasant stay in our hotel.<\/span><\/p>\t\t\t\t\t\t<\/div>\n\t\t\t\t<\/div>\n\t\t\t\t\t<\/div>\n\t\t\t\t<\/div>\n\t\t\t\t<\/div>","protected":false},"excerpt":{"rendered":"<p>Ku\u0107ni red Dragi gosti, \u017delimo Vam srda\u010dnu dobrodo\u0161licu u na\u0161 hotel Ideja, te Vas \u017eelimo kratko upoznati sa na\u0161im ku\u0107nim redom. Svaki gost du\u017ean je li\u010dnom kartom ili paso\u0161em prijaviti svoj boravak na recepciji hotela. Dokumenti \u0107e mu biti vra\u0107eni nakon upisa u Knjigu gostiju. Tokom Va\u0161eg boravka u hotelu \u010duvajte na\u0161u okolinu i obratite [&hellip;]<\/p>","protected":false},"author":1,"featured_media":0,"parent":0,"menu_order":0,"comment_status":"closed","ping_status":"closed","template":"elementor_header_footer","meta":{"footnotes":""},"class_list":["post-639","page","type-page","status-publish","hentry"],"_links":{"self":[{"href":"https:\/\/hotelideja.net\/en\/wp-json\/wp\/v2\/pages\/639","targetHints":{"allow":["GET"]}}],"collection":[{"href":"https:\/\/hotelideja.net\/en\/wp-json\/wp\/v2\/pages"}],"about":[{"href":"https:\/\/hotelideja.net\/en\/wp-json\/wp\/v2\/types\/page"}],"author":[{"embeddable":true,"href":"https:\/\/hotelideja.net\/en\/wp-json\/wp\/v2\/users\/1"}],"replies":[{"embeddable":true,"href":"https:\/\/hotelideja.net\/en\/wp-json\/wp\/v2\/comments?post=639"}],"version-history":[{"count":0,"href":"https:\/\/hotelideja.net\/en\/wp-json\/wp\/v2\/pages\/639\/revisions"}],"wp:attachment":[{"href":"https:\/\/hotelideja.net\/en\/wp-json\/wp\/v2\/media?parent=639"}],"curies":[{"name":"wp","href":"https:\/\/api.w.org\/{rel}","templated":true}]}}