{"id":639,"date":"2024-05-30T08:51:23","date_gmt":"2024-05-30T08:51:23","guid":{"rendered":"https:\/\/hotelideja.net\/?page_id=639"},"modified":"2024-06-21T09:44:04","modified_gmt":"2024-06-21T09:44:04","slug":"kucni-red","status":"publish","type":"page","link":"https:\/\/hotelideja.net\/it\/kucni-red\/","title":{"rendered":"Regole di casa"},"content":{"rendered":"<div data-elementor-type=\"wp-page\" data-elementor-id=\"639\" class=\"elementor elementor-639\" data-elementor-post-type=\"page\">\n\t\t\t\t<div class=\"elementor-element elementor-element-a039b96 e-con-full e-flex e-con e-parent\" data-id=\"a039b96\" data-element_type=\"container\" data-settings=\"{&quot;background_background&quot;:&quot;classic&quot;}\">\n\t\t<div class=\"elementor-element elementor-element-b4a18a8 e-flex e-con-boxed e-con e-child\" data-id=\"b4a18a8\" data-element_type=\"container\">\n\t\t\t\t\t<div class=\"e-con-inner\">\n\t\t\t\t<div class=\"elementor-element elementor-element-dcf42d9 animated-slow elementor-invisible elementor-widget elementor-widget-text-editor\" data-id=\"dcf42d9\" data-element_type=\"widget\" data-settings=\"{&quot;_animation&quot;:&quot;fadeInUp&quot;}\" data-widget_type=\"text-editor.default\">\n\t\t\t\t<div class=\"elementor-widget-container\">\n\t\t\t<style>\/*! elementor - v3.22.0 - 26-06-2024 *\/\n.elementor-widget-text-editor.elementor-drop-cap-view-stacked .elementor-drop-cap{background-color:#69727d;color:#fff}.elementor-widget-text-editor.elementor-drop-cap-view-framed .elementor-drop-cap{color:#69727d;border:3px solid;background-color:transparent}.elementor-widget-text-editor:not(.elementor-drop-cap-view-default) .elementor-drop-cap{margin-top:8px}.elementor-widget-text-editor:not(.elementor-drop-cap-view-default) .elementor-drop-cap-letter{width:1em;height:1em}.elementor-widget-text-editor .elementor-drop-cap{float:left;text-align:center;line-height:1;font-size:50px}.elementor-widget-text-editor .elementor-drop-cap-letter{display:inline-block}<\/style>\t\t\t\t<h1>Regole di casa<\/h1>\t\t\t\t\t\t<\/div>\n\t\t\t\t<\/div>\n\t\t\t\t\t<\/div>\n\t\t\t\t<\/div>\n\t\t\t\t<\/div>\n\t\t<div class=\"elementor-element elementor-element-7ae3d22 e-flex e-con-boxed e-con e-parent\" data-id=\"7ae3d22\" data-element_type=\"container\">\n\t\t\t\t\t<div class=\"e-con-inner\">\n\t\t\t\t<div class=\"elementor-element elementor-element-e5fd759 elementor-widget elementor-widget-text-editor\" data-id=\"e5fd759\" data-element_type=\"widget\" data-widget_type=\"text-editor.default\">\n\t\t\t\t<div class=\"elementor-widget-container\">\n\t\t\t\t\t\t\t<p><span style=\"font-weight: 400;\">Cari ospiti,<\/span><\/p>\n<p><span style=\"font-weight: 400;\">Vi auguriamo un caloroso benvenuto nel nostro hotel Ideja e vorremmo presentarvi brevemente le nostre regole della casa.<\/span><\/p>\n<ul>\n<li style=\"font-weight: 400;\" aria-level=\"1\"><span style=\"font-weight: 400;\">Ogni ospite \u00e8 tenuto a registrare il proprio soggiorno presso la reception dell'hotel con carta d'identit\u00e0 o passaporto. I documenti gli verranno restituiti dopo aver inserito il Libro degli Ospiti.<\/span><\/li>\n<li style=\"font-weight: 400;\" aria-level=\"1\"><span style=\"font-weight: 400;\">Durante il tuo soggiorno in hotel, prenditi cura del nostro ambiente e presta attenzione al consumo razionale di acqua ed elettricit\u00e0.<\/span><\/li>\n<li style=\"font-weight: 400;\" aria-level=\"1\"><span style=\"font-weight: 400;\">La tensione attuale \u00e8 220 V.<\/span><\/li>\n<li style=\"font-weight: 400;\" aria-level=\"1\"><span style=\"font-weight: 400;\">Visite o riunioni di lavoro possono svolgersi nelle sale comuni dell'hotel, nel bar, nel ristorante, nella hall e non in camera.<\/span><\/li>\n<li style=\"font-weight: 400;\" aria-level=\"1\"><span style=\"font-weight: 400;\">Nelle camere e nei corridoi dell'hotel non \u00e8 consentito utilizzare fiamme libere, fumare, accendere candele, ecc.&nbsp;<\/span><\/li>\n<li style=\"font-weight: 400;\" aria-level=\"1\"><span style=\"font-weight: 400;\">Ti preghiamo di utilizzare con attenzione le stanze, i dispositivi, le attrezzature e l'inventario messi a tua disposizione, come un buon ospite.<\/span><\/li>\n<li style=\"font-weight: 400;\" aria-level=\"1\"><span style=\"font-weight: 400;\">Si prega di segnalare immediatamente alla reception malfunzionamenti o reclami sul servizio.<\/span><\/li>\n<li style=\"font-weight: 400;\" aria-level=\"1\"><span style=\"font-weight: 400;\">Tieni presente che sei responsabile dei danni causati da colpa tua o della persona di cui sei responsabile e sei tenuto a risarcirli.<\/span><\/li>\n<li style=\"font-weight: 400;\" aria-level=\"1\"><span style=\"font-weight: 400;\">Oggetti di valore e denaro possono essere custoditi nella cassaforte alla reception.<\/span><\/li>\n<li style=\"font-weight: 400;\" aria-level=\"1\"><span style=\"font-weight: 400;\">La colazione \u00e8 servita: <\/span><span style=\"font-weight: 400;\">nei giorni feriali dalle 07:30 alle 09:30; <\/span><span style=\"font-weight: 400;\">nei fine settimana dalle 8:00 alle 10:00<\/span><\/li>\n<li style=\"font-weight: 400;\" aria-level=\"1\"><span style=\"font-weight: 400;\">Si prega di comunicare alla reception il giorno prima entro le ore 21:00 la richiesta del pacchetto pranzo e l'eventuale cambio pasto.<\/span><\/li>\n<li style=\"font-weight: 400;\" aria-level=\"1\"><span style=\"font-weight: 400;\">Si prega di prendersi cura degli altri ospiti che desiderano riposare ed evitare rumori in camera e nei corridoi dopo le 23:00.<\/span><\/li>\n<li style=\"font-weight: 400;\" aria-level=\"1\"><span style=\"font-weight: 400;\">Gli animali non sono ammessi.<\/span><\/li>\n<li style=\"font-weight: 400;\" aria-level=\"1\"><span style=\"font-weight: 400;\">Per motivi di sicurezza e igiene non \u00e8 consentito preparare pasti o bevande caldi in camera.<\/span><\/li>\n<li style=\"font-weight: 400;\" aria-level=\"1\"><span style=\"font-weight: 400;\">Si prega di leggere e seguire le indicazioni riportate sugli avvisi antincendio affissi nei corridoi.<\/span><\/li>\n<li style=\"font-weight: 400;\" aria-level=\"1\"><span style=\"font-weight: 400;\">Se trovate o smarrite oggetti segnalateli alla reception.<\/span><\/li>\n<li style=\"font-weight: 400;\" aria-level=\"1\"><span style=\"font-weight: 400;\">La camera dovr\u00e0 essere liberata entro le ore 12:00. Qualora desideriate prolungare il vostro soggiorno vi preghiamo di comunicarlo tempestivamente alla reception.<\/span><\/li>\n<li style=\"font-weight: 400;\" aria-level=\"1\"><span style=\"font-weight: 400;\">Si prega di maneggiare con cura la chiave magnetica.<\/span><\/li>\n<li style=\"font-weight: 400;\" aria-level=\"1\"><span style=\"font-weight: 400;\">Quando lasciate l'hotel non dimenticate di consegnare la chiave o la key-card alla reception.<\/span><\/li>\n<li style=\"font-weight: 400;\" aria-level=\"1\"><span style=\"font-weight: 400;\">Ci riserviamo il diritto di risolvere il contratto e di interrompere la fornitura dei servizi agli ospiti, se questi violano gravemente le disposizioni del presente regolamento della casa e se il loro comportamento causa danni o disturba gli altri ospiti dell'hotel.<\/span><\/li>\n<li style=\"font-weight: 400;\" aria-level=\"1\"><span style=\"font-weight: 400;\">Durante il vostro soggiorno in hotel, la reception \u00e8 a vostra disposizione per tutte le informazioni e l'assistenza di cui avete bisogno.<\/span><\/li>\n<\/ul>\n<p><span style=\"font-weight: 400;\">Vi auguriamo un piacevole soggiorno nel nostro hotel.<\/span><\/p>\t\t\t\t\t\t<\/div>\n\t\t\t\t<\/div>\n\t\t\t\t\t<\/div>\n\t\t\t\t<\/div>\n\t\t\t\t<\/div>","protected":false},"excerpt":{"rendered":"<p>Ku\u0107ni red Dragi gosti, \u017delimo Vam srda\u010dnu dobrodo\u0161licu u na\u0161 hotel Ideja, te Vas \u017eelimo kratko upoznati sa na\u0161im ku\u0107nim redom. Svaki gost du\u017ean je li\u010dnom kartom ili paso\u0161em prijaviti svoj boravak na recepciji hotela. Dokumenti \u0107e mu biti vra\u0107eni nakon upisa u Knjigu gostiju. Tokom Va\u0161eg boravka u hotelu \u010duvajte na\u0161u okolinu i obratite [&hellip;]<\/p>","protected":false},"author":1,"featured_media":0,"parent":0,"menu_order":0,"comment_status":"closed","ping_status":"closed","template":"elementor_header_footer","meta":{"footnotes":""},"class_list":["post-639","page","type-page","status-publish","hentry"],"_links":{"self":[{"href":"https:\/\/hotelideja.net\/it\/wp-json\/wp\/v2\/pages\/639","targetHints":{"allow":["GET"]}}],"collection":[{"href":"https:\/\/hotelideja.net\/it\/wp-json\/wp\/v2\/pages"}],"about":[{"href":"https:\/\/hotelideja.net\/it\/wp-json\/wp\/v2\/types\/page"}],"author":[{"embeddable":true,"href":"https:\/\/hotelideja.net\/it\/wp-json\/wp\/v2\/users\/1"}],"replies":[{"embeddable":true,"href":"https:\/\/hotelideja.net\/it\/wp-json\/wp\/v2\/comments?post=639"}],"version-history":[{"count":0,"href":"https:\/\/hotelideja.net\/it\/wp-json\/wp\/v2\/pages\/639\/revisions"}],"wp:attachment":[{"href":"https:\/\/hotelideja.net\/it\/wp-json\/wp\/v2\/media?parent=639"}],"curies":[{"name":"wp","href":"https:\/\/api.w.org\/{rel}","templated":true}]}}