{"id":647,"date":"2024-05-30T09:01:40","date_gmt":"2024-05-30T09:01:40","guid":{"rendered":"https:\/\/hotelideja.net\/?page_id=647"},"modified":"2024-10-22T11:31:52","modified_gmt":"2024-10-22T11:31:52","slug":"politika-privatnosti","status":"publish","type":"page","link":"https:\/\/hotelideja.net\/it\/politika-privatnosti\/","title":{"rendered":"Politica sulla riservatezza"},"content":{"rendered":"<div data-elementor-type=\"wp-page\" data-elementor-id=\"647\" class=\"elementor elementor-647\" data-elementor-post-type=\"page\">\n\t\t\t\t<div class=\"elementor-element elementor-element-f972d57 e-con-full e-flex e-con e-parent\" data-id=\"f972d57\" data-element_type=\"container\" data-settings=\"{&quot;background_background&quot;:&quot;classic&quot;}\">\n\t\t<div class=\"elementor-element elementor-element-f8c50da e-flex e-con-boxed e-con e-child\" data-id=\"f8c50da\" data-element_type=\"container\">\n\t\t\t\t\t<div class=\"e-con-inner\">\n\t\t\t\t<div class=\"elementor-element elementor-element-2107064 animated-slow elementor-widget__width-initial elementor-invisible elementor-widget elementor-widget-text-editor\" data-id=\"2107064\" data-element_type=\"widget\" data-settings=\"{&quot;_animation&quot;:&quot;fadeInUp&quot;}\" data-widget_type=\"text-editor.default\">\n\t\t\t\t<div class=\"elementor-widget-container\">\n\t\t\t<style>\/*! elementor - v3.22.0 - 26-06-2024 *\/\n.elementor-widget-text-editor.elementor-drop-cap-view-stacked .elementor-drop-cap{background-color:#69727d;color:#fff}.elementor-widget-text-editor.elementor-drop-cap-view-framed .elementor-drop-cap{color:#69727d;border:3px solid;background-color:transparent}.elementor-widget-text-editor:not(.elementor-drop-cap-view-default) .elementor-drop-cap{margin-top:8px}.elementor-widget-text-editor:not(.elementor-drop-cap-view-default) .elementor-drop-cap-letter{width:1em;height:1em}.elementor-widget-text-editor .elementor-drop-cap{float:left;text-align:center;line-height:1;font-size:50px}.elementor-widget-text-editor .elementor-drop-cap-letter{display:inline-block}<\/style>\t\t\t\t<h1>Politica sulla riservatezza<\/h1>\t\t\t\t\t\t<\/div>\n\t\t\t\t<\/div>\n\t\t\t\t\t<\/div>\n\t\t\t\t<\/div>\n\t\t\t\t<\/div>\n\t\t<div class=\"elementor-element elementor-element-1b766c6 e-flex e-con-boxed e-con e-parent\" data-id=\"1b766c6\" data-element_type=\"container\">\n\t\t\t\t\t<div class=\"e-con-inner\">\n\t\t\t\t<div class=\"elementor-element elementor-element-46654ea elementor-widget elementor-widget-text-editor\" data-id=\"46654ea\" data-element_type=\"widget\" data-widget_type=\"text-editor.default\">\n\t\t\t\t<div class=\"elementor-widget-container\">\n\t\t\t\t\t\t\t<p>Obavezujemo se pru\u017eati za\u0161titu osobnim podacima kupaca, na na\u010din da prikupljamo samo nu\u017ene, osnovne podatke o kupcima \/ korisnicima koji su nu\u017eni za ispunjenje na\u0161ih obveza; informiramo kupce o na\u010dinu kori\u0161tenja prikupljenih podataka, redovito dajemo kupcima mogu\u0107nost izbora o upotrebi njihovih podataka, uklju\u010duju\u0107i mogu\u0107nost odluke \u017eele li ili ne da se njihovo ime ukloni s lista koje se koriste za marketin\u0161ke kampanje.<\/p><p>Svi se podaci o korisnicima strogo \u010duvaju i dostupni su samo djelatnicima kojima su ti podaci nu\u017eni za obavljanje posla. Svi na\u0161i djelatnici i poslovni partneri odgovorni su za po\u0161tivanje na\u010dela za\u0161tite privatnosti.<\/p>\t\t\t\t\t\t<\/div>\n\t\t\t\t<\/div>\n\t\t\t\t\t<\/div>\n\t\t\t\t<\/div>\n\t\t\t\t<\/div>","protected":false},"excerpt":{"rendered":"<p>Politika privatnosti Obavezujemo se pru\u017eati za\u0161titu osobnim podacima kupaca, na na\u010din da prikupljamo samo nu\u017ene, osnovne podatke o kupcima \/ korisnicima koji su nu\u017eni za ispunjenje na\u0161ih obveza; informiramo kupce o na\u010dinu kori\u0161tenja prikupljenih podataka, redovito dajemo kupcima mogu\u0107nost izbora o upotrebi njihovih podataka, uklju\u010duju\u0107i mogu\u0107nost odluke \u017eele li ili ne da se njihovo ime [&hellip;]<\/p>","protected":false},"author":1,"featured_media":0,"parent":0,"menu_order":0,"comment_status":"closed","ping_status":"closed","template":"elementor_header_footer","meta":{"footnotes":""},"class_list":["post-647","page","type-page","status-publish","hentry"],"_links":{"self":[{"href":"https:\/\/hotelideja.net\/it\/wp-json\/wp\/v2\/pages\/647","targetHints":{"allow":["GET"]}}],"collection":[{"href":"https:\/\/hotelideja.net\/it\/wp-json\/wp\/v2\/pages"}],"about":[{"href":"https:\/\/hotelideja.net\/it\/wp-json\/wp\/v2\/types\/page"}],"author":[{"embeddable":true,"href":"https:\/\/hotelideja.net\/it\/wp-json\/wp\/v2\/users\/1"}],"replies":[{"embeddable":true,"href":"https:\/\/hotelideja.net\/it\/wp-json\/wp\/v2\/comments?post=647"}],"version-history":[{"count":28,"href":"https:\/\/hotelideja.net\/it\/wp-json\/wp\/v2\/pages\/647\/revisions"}],"predecessor-version":[{"id":1820,"href":"https:\/\/hotelideja.net\/it\/wp-json\/wp\/v2\/pages\/647\/revisions\/1820"}],"wp:attachment":[{"href":"https:\/\/hotelideja.net\/it\/wp-json\/wp\/v2\/media?parent=647"}],"curies":[{"name":"wp","href":"https:\/\/api.w.org\/{rel}","templated":true}]}}