{"id":1741,"date":"2024-07-10T08:00:53","date_gmt":"2024-07-10T08:00:53","guid":{"rendered":"https:\/\/hotelideja.net\/?page_id=1741"},"modified":"2024-07-10T08:03:38","modified_gmt":"2024-07-10T08:03:38","slug":"hvala-vam","status":"publish","type":"page","link":"https:\/\/hotelideja.net\/sl\/hvala-vam\/","title":{"rendered":"Hvala vam"},"content":{"rendered":"<div data-elementor-type=\"wp-page\" data-elementor-id=\"1741\" class=\"elementor elementor-1741\" data-elementor-post-type=\"page\">\n\t\t\t\t<div class=\"elementor-element elementor-element-e86b054 e-con-full e-flex e-con e-parent\" data-id=\"e86b054\" data-element_type=\"container\" data-settings=\"{&quot;background_background&quot;:&quot;classic&quot;}\">\n\t\t<div class=\"elementor-element elementor-element-4620144 e-flex e-con-boxed e-con e-child\" data-id=\"4620144\" data-element_type=\"container\">\n\t\t\t\t\t<div class=\"e-con-inner\">\n\t\t\t\t<div class=\"elementor-element elementor-element-c32f58d animated-slow elementor-invisible elementor-widget elementor-widget-text-editor\" data-id=\"c32f58d\" data-element_type=\"widget\" data-settings=\"{&quot;_animation&quot;:&quot;fadeInUp&quot;}\" data-widget_type=\"text-editor.default\">\n\t\t\t\t<div class=\"elementor-widget-container\">\n\t\t\t<style>\/*! elementor - v3.22.0 - 26-06-2024 *\/\n.elementor-widget-text-editor.elementor-drop-cap-view-stacked .elementor-drop-cap{background-color:#69727d;color:#fff}.elementor-widget-text-editor.elementor-drop-cap-view-framed .elementor-drop-cap{color:#69727d;border:3px solid;background-color:transparent}.elementor-widget-text-editor:not(.elementor-drop-cap-view-default) .elementor-drop-cap{margin-top:8px}.elementor-widget-text-editor:not(.elementor-drop-cap-view-default) .elementor-drop-cap-letter{width:1em;height:1em}.elementor-widget-text-editor .elementor-drop-cap{float:left;text-align:center;line-height:1;font-size:50px}.elementor-widget-text-editor .elementor-drop-cap-letter{display:inline-block}<\/style>\t\t\t\t<h1>Hvala vam<\/h1>\t\t\t\t\t\t<\/div>\n\t\t\t\t<\/div>\n\t\t\t\t\t<\/div>\n\t\t\t\t<\/div>\n\t\t\t\t<\/div>\n\t\t<div class=\"elementor-element elementor-element-b4ab806 e-flex e-con-boxed e-con e-parent\" data-id=\"b4ab806\" data-element_type=\"container\">\n\t\t\t\t\t<div class=\"e-con-inner\">\n\t\t\t\t<div class=\"elementor-element elementor-element-b57738a elementor-widget elementor-widget-text-editor\" data-id=\"b57738a\" data-element_type=\"widget\" data-widget_type=\"text-editor.default\">\n\t\t\t\t<div class=\"elementor-widget-container\">\n\t\t\t\t\t\t\t<p>Va\u0161 obrazec je bil uspe\u0161no poslan! Zahvaljujemo se vam za va\u0161e zanimanje. Na\u0161a ekipa vas bo kontaktirala v najkraj\u0161em mo\u017enem \u010dasu.<\/p>\t\t\t\t\t\t<\/div>\n\t\t\t\t<\/div>\n\t\t\t\t\t<\/div>\n\t\t\t\t<\/div>\n\t\t\t\t<\/div>","protected":false},"excerpt":{"rendered":"<p>Hvala Vam Va\u0161a forma je uspe\u0161no poslata! Zahvaljujemo se na va\u0161em interesovanju. Na\u0161 tim \u0107e vas kontaktirati u najkra\u0107em mogu\u0107em roku.<\/p>","protected":false},"author":1,"featured_media":0,"parent":0,"menu_order":0,"comment_status":"closed","ping_status":"closed","template":"","meta":{"footnotes":""},"class_list":["post-1741","page","type-page","status-publish","hentry"],"_links":{"self":[{"href":"https:\/\/hotelideja.net\/sl\/wp-json\/wp\/v2\/pages\/1741","targetHints":{"allow":["GET"]}}],"collection":[{"href":"https:\/\/hotelideja.net\/sl\/wp-json\/wp\/v2\/pages"}],"about":[{"href":"https:\/\/hotelideja.net\/sl\/wp-json\/wp\/v2\/types\/page"}],"author":[{"embeddable":true,"href":"https:\/\/hotelideja.net\/sl\/wp-json\/wp\/v2\/users\/1"}],"replies":[{"embeddable":true,"href":"https:\/\/hotelideja.net\/sl\/wp-json\/wp\/v2\/comments?post=1741"}],"version-history":[{"count":6,"href":"https:\/\/hotelideja.net\/sl\/wp-json\/wp\/v2\/pages\/1741\/revisions"}],"predecessor-version":[{"id":1747,"href":"https:\/\/hotelideja.net\/sl\/wp-json\/wp\/v2\/pages\/1741\/revisions\/1747"}],"wp:attachment":[{"href":"https:\/\/hotelideja.net\/sl\/wp-json\/wp\/v2\/media?parent=1741"}],"curies":[{"name":"wp","href":"https:\/\/api.w.org\/{rel}","templated":true}]}}