{"id":639,"date":"2024-05-30T08:51:23","date_gmt":"2024-05-30T08:51:23","guid":{"rendered":"https:\/\/hotelideja.net\/?page_id=639"},"modified":"2024-06-21T09:44:04","modified_gmt":"2024-06-21T09:44:04","slug":"kucni-red","status":"publish","type":"page","link":"https:\/\/hotelideja.net\/sl\/kucni-red\/","title":{"rendered":"Hi\u0161ni red"},"content":{"rendered":"<div data-elementor-type=\"wp-page\" data-elementor-id=\"639\" class=\"elementor elementor-639\" data-elementor-post-type=\"page\">\n\t\t\t\t<div class=\"elementor-element elementor-element-a039b96 e-con-full e-flex e-con e-parent\" data-id=\"a039b96\" data-element_type=\"container\" data-settings=\"{&quot;background_background&quot;:&quot;classic&quot;}\">\n\t\t<div class=\"elementor-element elementor-element-b4a18a8 e-flex e-con-boxed e-con e-child\" data-id=\"b4a18a8\" data-element_type=\"container\">\n\t\t\t\t\t<div class=\"e-con-inner\">\n\t\t\t\t<div class=\"elementor-element elementor-element-dcf42d9 animated-slow elementor-invisible elementor-widget elementor-widget-text-editor\" data-id=\"dcf42d9\" data-element_type=\"widget\" data-settings=\"{&quot;_animation&quot;:&quot;fadeInUp&quot;}\" data-widget_type=\"text-editor.default\">\n\t\t\t\t<div class=\"elementor-widget-container\">\n\t\t\t<style>\/*! elementor - v3.22.0 - 26-06-2024 *\/\n.elementor-widget-text-editor.elementor-drop-cap-view-stacked .elementor-drop-cap{background-color:#69727d;color:#fff}.elementor-widget-text-editor.elementor-drop-cap-view-framed .elementor-drop-cap{color:#69727d;border:3px solid;background-color:transparent}.elementor-widget-text-editor:not(.elementor-drop-cap-view-default) .elementor-drop-cap{margin-top:8px}.elementor-widget-text-editor:not(.elementor-drop-cap-view-default) .elementor-drop-cap-letter{width:1em;height:1em}.elementor-widget-text-editor .elementor-drop-cap{float:left;text-align:center;line-height:1;font-size:50px}.elementor-widget-text-editor .elementor-drop-cap-letter{display:inline-block}<\/style>\t\t\t\t<h1>Hi\u0161ni red<\/h1>\t\t\t\t\t\t<\/div>\n\t\t\t\t<\/div>\n\t\t\t\t\t<\/div>\n\t\t\t\t<\/div>\n\t\t\t\t<\/div>\n\t\t<div class=\"elementor-element elementor-element-7ae3d22 e-flex e-con-boxed e-con e-parent\" data-id=\"7ae3d22\" data-element_type=\"container\">\n\t\t\t\t\t<div class=\"e-con-inner\">\n\t\t\t\t<div class=\"elementor-element elementor-element-e5fd759 elementor-widget elementor-widget-text-editor\" data-id=\"e5fd759\" data-element_type=\"widget\" data-widget_type=\"text-editor.default\">\n\t\t\t\t<div class=\"elementor-widget-container\">\n\t\t\t\t\t\t\t<p><span style=\"font-weight: 400;\">Dragi gostje,<\/span><\/p>\n<p><span style=\"font-weight: 400;\">Lepo vas pozdravljamo v na\u0161em hotelu Ideja in vam na kratko predstavljamo hi\u0161ni red.<\/span><\/p>\n<ul>\n<li style=\"font-weight: 400;\" aria-level=\"1\"><span style=\"font-weight: 400;\">Vsak gost je dol\u017ean prijaviti bivanje na recepciji hotela z osebno izkaznico ali potnim listom. Dokumenti mu bodo vrnjeni po vpisu v Knjigo gostov.<\/span><\/li>\n<li style=\"font-weight: 400;\" aria-level=\"1\"><span style=\"font-weight: 400;\">Med bivanjem v hotelu skrbite za na\u0161e okolje in bodite pozorni na racionalno porabo vode in elektri\u010dne energije.<\/span><\/li>\n<li style=\"font-weight: 400;\" aria-level=\"1\"><span style=\"font-weight: 400;\">Trenutna napetost je 220 V.<\/span><\/li>\n<li style=\"font-weight: 400;\" aria-level=\"1\"><span style=\"font-weight: 400;\">Obiski ali poslovni sestanki se lahko izvajajo v skupnih prostorih hotela, v baru, restavraciji, v avli in ne v sobi.<\/span><\/li>\n<li style=\"font-weight: 400;\" aria-level=\"1\"><span style=\"font-weight: 400;\">V sobah in na hodnikih hotela ni dovoljeno uporabljati odprtega ognja, kajenja, pri\u017eiganja sve\u010d ipd.&nbsp;<\/span><\/li>\n<li style=\"font-weight: 400;\" aria-level=\"1\"><span style=\"font-weight: 400;\">Prosimo, da kot dober gostitelj skrbno uporabljate prostore, naprave, opremo in inventar, ki so vam na voljo.<\/span><\/li>\n<li style=\"font-weight: 400;\" aria-level=\"1\"><span style=\"font-weight: 400;\">Prosimo, da okvare ali reklamacije glede storitev takoj obvestite na recepciji.<\/span><\/li>\n<li style=\"font-weight: 400;\" aria-level=\"1\"><span style=\"font-weight: 400;\">Opozarjamo vas, da ste odgovorni za \u0161kodo, ki je nastala po va\u0161i krivdi ali krivdi osebe, za katero ste odgovorni, in ste jo dol\u017eni povrniti.<\/span><\/li>\n<li style=\"font-weight: 400;\" aria-level=\"1\"><span style=\"font-weight: 400;\">Dragocenosti in denar lahko hranite v sefu na recepciji.<\/span><\/li>\n<li style=\"font-weight: 400;\" aria-level=\"1\"><span style=\"font-weight: 400;\">Zajtrk je postre\u017een: <\/span><span style=\"font-weight: 400;\">ob delavnikih od 7.30 do 9.30; <\/span><span style=\"font-weight: 400;\">ob vikendih od 8.00 do 10.00 ure<\/span><\/li>\n<li style=\"font-weight: 400;\" aria-level=\"1\"><span style=\"font-weight: 400;\">Va\u0161o \u017eeljo po lunch paketu in morebitne spremembe obrokov prosimo sporo\u010dite recepciji najkasneje en dan prej do 21.00 ure.<\/span><\/li>\n<li style=\"font-weight: 400;\" aria-level=\"1\"><span style=\"font-weight: 400;\">Prosimo, da upo\u0161tevate druge goste, ki si \u017eelijo po\u010ditka, in se izogibate hrupa v sobi in na hodnikih po 23. uri.<\/span><\/li>\n<li style=\"font-weight: 400;\" aria-level=\"1\"><span style=\"font-weight: 400;\">Hi\u017eni ljubljen\u010dki niso dovoljeni.<\/span><\/li>\n<li style=\"font-weight: 400;\" aria-level=\"1\"><span style=\"font-weight: 400;\">Zaradi varnostnih in higienskih razlogov ni dovoljeno pripravljati toplih obrokov ali pija\u010d v sobi.<\/span><\/li>\n<li style=\"font-weight: 400;\" aria-level=\"1\"><span style=\"font-weight: 400;\">Prosimo, preberite in upo\u0161tevajte navodila za po\u017earno varnost, ki so objavljena po hodnikih.<\/span><\/li>\n<li style=\"font-weight: 400;\" aria-level=\"1\"><span style=\"font-weight: 400;\">Izgubo ali najdbo stvari prijavite na recepciji.<\/span><\/li>\n<li style=\"font-weight: 400;\" aria-level=\"1\"><span style=\"font-weight: 400;\">Sobo je treba zapustiti do 12:00 ure. \u010ce \u017eelite podalj\u0161ati svoj bivanje, prosim pravo\u010dasno obvestite recepcijo.<\/span><\/li>\n<li style=\"font-weight: 400;\" aria-level=\"1\"><span style=\"font-weight: 400;\">Molimo vas da pa\u017eljivo rukujete s karticom (key-card).<\/span><\/li>\n<li style=\"font-weight: 400;\" aria-level=\"1\"><span style=\"font-weight: 400;\">Ob odhodu iz hotela ne pozabite oddati klju\u010d ali kartico (key-card) na recepciji.<\/span><\/li>\n<li style=\"font-weight: 400;\" aria-level=\"1\"><span style=\"font-weight: 400;\">Pridr\u017eujemo si pravico prekiniti pogodbo in prenehati zagotavljati storitve gostom, \u010de grobo kr\u0161ijo dolo\u010dbe hi\u0161nega reda ali s svojim vedenjem povzro\u010dajo \u0161kodo ali motijo druge goste v hotelu.<\/span><\/li>\n<li style=\"font-weight: 400;\" aria-level=\"1\"><span style=\"font-weight: 400;\">Tokom va\u0161eg boravka u hotelu, recepcija vam je na raspolaganju za sve informacije i pomo\u0107 koje vam trebaju.<\/span><\/li>\n<\/ul>\n<p><span style=\"font-weight: 400;\">\u017delimo vam prijetno bivanje v na\u0161em hotelu!<\/span><\/p>\t\t\t\t\t\t<\/div>\n\t\t\t\t<\/div>\n\t\t\t\t\t<\/div>\n\t\t\t\t<\/div>\n\t\t\t\t<\/div>","protected":false},"excerpt":{"rendered":"<p>Ku\u0107ni red Dragi gosti, \u017delimo Vam srda\u010dnu dobrodo\u0161licu u na\u0161 hotel Ideja, te Vas \u017eelimo kratko upoznati sa na\u0161im ku\u0107nim redom. Svaki gost du\u017ean je li\u010dnom kartom ili paso\u0161em prijaviti svoj boravak na recepciji hotela. Dokumenti \u0107e mu biti vra\u0107eni nakon upisa u Knjigu gostiju. Tokom Va\u0161eg boravka u hotelu \u010duvajte na\u0161u okolinu i obratite [&hellip;]<\/p>","protected":false},"author":1,"featured_media":0,"parent":0,"menu_order":0,"comment_status":"closed","ping_status":"closed","template":"elementor_header_footer","meta":{"footnotes":""},"class_list":["post-639","page","type-page","status-publish","hentry"],"_links":{"self":[{"href":"https:\/\/hotelideja.net\/sl\/wp-json\/wp\/v2\/pages\/639","targetHints":{"allow":["GET"]}}],"collection":[{"href":"https:\/\/hotelideja.net\/sl\/wp-json\/wp\/v2\/pages"}],"about":[{"href":"https:\/\/hotelideja.net\/sl\/wp-json\/wp\/v2\/types\/page"}],"author":[{"embeddable":true,"href":"https:\/\/hotelideja.net\/sl\/wp-json\/wp\/v2\/users\/1"}],"replies":[{"embeddable":true,"href":"https:\/\/hotelideja.net\/sl\/wp-json\/wp\/v2\/comments?post=639"}],"version-history":[{"count":0,"href":"https:\/\/hotelideja.net\/sl\/wp-json\/wp\/v2\/pages\/639\/revisions"}],"wp:attachment":[{"href":"https:\/\/hotelideja.net\/sl\/wp-json\/wp\/v2\/media?parent=639"}],"curies":[{"name":"wp","href":"https:\/\/api.w.org\/{rel}","templated":true}]}}